{"id":264,"date":"2026-03-23T11:37:55","date_gmt":"2026-03-23T11:37:55","guid":{"rendered":"https:\/\/www.nbinformatique.be\/?page_id=264"},"modified":"2026-03-23T13:51:28","modified_gmt":"2026-03-23T13:51:28","slug":"accueil","status":"publish","type":"page","link":"https:\/\/www.nbinformatique.be\/?page_id=264","title":{"rendered":"Accueil"},"content":{"rendered":"\n<div class=\"wp-block-cover r-cover\" style=\"margin-top:0;margin-bottom:0;min-height:680px;aspect-ratio:unset;\"><img decoding=\"async\" class=\"wp-block-cover__image-background wp-image-762 size-full\" alt=\"\" src=\"https:\/\/www.nbinformatique.be\/wp-content\/themes\/digitalgrove-light\/assets\/images\/banner.jpg\" data-object-fit=\"cover\"\/><span aria-hidden=\"true\" class=\"wp-block-cover__background has-background-dim-70 has-background-dim wp-block-cover__gradient-background has-background-gradient\" style=\"background:linear-gradient(135deg,rgb(0,11,25) 0%,rgb(14,27,67) 100%)\"><\/span><div class=\"wp-block-cover__inner-container is-layout-flow wp-block-cover-is-layout-flow\">\n<div class=\"wp-block-group\"><div class=\"wp-block-group__inner-container is-layout-constrained wp-block-group-is-layout-constrained\">\n<div class=\"wp-block-group is-content-justification-left\"><div class=\"wp-block-group__inner-container is-layout-constrained wp-container-core-group-is-layout-44dd404a wp-block-group-is-layout-constrained\">\n<h1 class=\"wp-block-heading has-text-align-left\" style=\"font-size:64px;font-style:normal;font-weight:700;letter-spacing:1.5px;text-transform:capitalize\">Votre Expert en D\u00e9pannage <br>et Assistance Informatique <\/h1>\n\n\n\n<div class=\"wp-block-group\"><div class=\"wp-block-group__inner-container is-layout-constrained wp-block-group-is-layout-constrained\">\n<p class=\"has-text-align-left has-white-color has-text-color has-link-color wp-elements-f3da5d76aa837be40f25e96805896a68\">D\u00e9pannage informatique, r\u00e9paration de PC et smartphones et solutions IT partout dans le Namurois. Un service rapide, fiable et adapt\u00e9 \u00e0 vos besoins.<\/p>\n<\/div><\/div>\n\n\n\n<div class=\"wp-block-buttons is-content-justification-left is-layout-flex wp-container-core-buttons-is-layout-32cd4ed2 wp-block-buttons-is-layout-flex\" style=\"padding-top:var(--wp--preset--spacing--30)\">\n<div class=\"wp-block-button\"><a class=\"wp-block-button__link has-primary-color has-white-background-color has-text-color has-background has-link-color has-text-align-center wp-element-button\">Read More<\/a><\/div>\n<\/div>\n<\/div><\/div>\n<\/div><\/div>\n<\/div><\/div>\n\n\n\n<main class=\"wp-block-group\" style=\"margin-top:0;margin-bottom:0;padding-top:0;padding-right:0;padding-bottom:0;padding-left:0\"><div class=\"wp-block-group__inner-container is-layout-flow wp-block-group-is-layout-flow\">\n<div class=\"wp-block-group r-pad\" style=\"margin-top:0;margin-bottom:0;padding-top:var(--wp--preset--spacing--50);padding-right:var(--wp--preset--spacing--20);padding-bottom:var(--wp--preset--spacing--50);padding-left:var(--wp--preset--spacing--20)\"><div class=\"wp-block-group__inner-container is-layout-constrained wp-container-core-group-is-layout-72a07807 wp-block-group-is-layout-constrained\">\n<p class=\"has-text-align-center has-primary-color has-text-color has-link-color wp-elements-f28493a1c4e25e974da1ceaf99bbb69f\" style=\"line-height:1.5\">D\u00e9pannage Informatique \u00e0 Domicile et en Atelier \u00e0 Andenne et Environs<\/p>\n\n\n\n<p>NB Informatique propose des services de d\u00e9pannage informatique, r\u00e9paration de PC et smartphones, ainsi que la cr\u00e9ation de sites web. Nous intervenons \u00e0 domicile ou en atelier pour r\u00e9pondre aux besoins de nos clients dans tout le Namurois.<\/p>\n\n\n\n<h6 class=\"wp-block-heading\">Des Solutions Informatiques Fiables et Adapt\u00e9es \u00e0 Vos Besoins<\/h6>\n\n\n\n<p>NB Informatique offre un service complet de d\u00e9pannage et r\u00e9paration, \u00e0 domicile ou dans nos locaux et toute la r\u00e9gion du Namurois. Que vous soyez un particulier ou un professionnel, nous assurons une intervention rapide et efficace pour tous vos besoins informatiques :<\/p>\n\n\n\n<ul class=\"wp-block-list\">\n<li>D\u00e9pannage et maintenance informatique<\/li>\n\n\n\n<li>R\u00e9paration de PC et smartphones<\/li>\n\n\n\n<li>Cr\u00e9ation de sites web sur mesure<\/li>\n\n\n\n<li>Gestion de r\u00e9seaux et s\u00e9curit\u00e9 informatique<\/li>\n<\/ul>\n\n\n\n<p><a href=\"https:\/\/www.nbinformatique.be\/?page_id=267\" data-type=\"page\" data-id=\"267\">D\u00e9couvrez Nos Services<\/a><\/p>\n\n\n\n<h5 class=\"wp-block-heading\">R\u00e9paration de Smartphones et Tablettes<\/h5>\n\n\n\n<p>R\u00e9paration rapide et fiable pour toutes marques de smartphones et tablettes : Apple, Samsung, Huawei, Xiaomi, et bien d\u2019autres. Que ce soit pour un \u00e9cran fissur\u00e9, un probl\u00e8me de batterie, ou un connecteur de charge d\u00e9fectueux, nous assurons une intervention de qualit\u00e9 pour chaque mod\u00e8le.<\/p>\n\n\n\n<p><a href=\"https:\/\/qfc-it.be\/services\/reparation-smartphones-tablettes-anderlues\/\">R\u00e9parez Votre Smartphone \/ Tablette<\/a><\/p>\n\n\n\n<h5 class=\"wp-block-heading\">D\u00e9pannage Informatique \u00e0 Domicile et en Entreprise<\/h5>\n\n\n\n<p>Besoin d\u2019une assistance informatique rapide ? NB Informatique intervient directement chez vous, dans vos locaux professionnels ou en entreprise pour r\u00e9soudre vos probl\u00e8mes techniques. Nous offrons un service fiable et efficace pour les particuliers, les ind\u00e9pendants, et les entreprises, afin d\u2019assurer un fonctionnement optimal de vos appareils.<\/p>\n\n\n\n<p><a href=\"https:\/\/qfc-it.be\/services\/depannage-informatique-a-domicile-et-en-entreprise\/\">En Savoir Plus<\/a><\/p>\n\n\n\n<div class=\"wp-block-group services-section\" style=\"margin-top:0;margin-bottom:0\"><div class=\"wp-block-group__inner-container is-layout-constrained wp-block-group-is-layout-constrained\">\n<div class=\"wp-block-group is-layout-grid wp-container-core-group-is-layout-37c7c970 wp-block-group-is-layout-grid\">\n<div class=\"wp-block-group has-border-color\" style=\"border-color:#d1d1d1;border-width:1px;padding-top:var(--wp--preset--spacing--30);padding-right:var(--wp--preset--spacing--20);padding-bottom:var(--wp--preset--spacing--30);padding-left:var(--wp--preset--spacing--20)\"><div class=\"wp-block-group__inner-container is-layout-constrained wp-container-core-group-is-layout-7d4d305e wp-block-group-is-layout-constrained\"><div class=\"wp-block-image wp-duotone-rgb059164-rgb059164-1\">\n<figure class=\"aligncenter size-full is-resized\"><img decoding=\"async\" src=\"https:\/\/www.nbinformatique.be\/wp-content\/themes\/digitalgrove-light\/assets\/images\/icon-1.png\" alt=\"\" class=\"wp-image-57\" style=\"width:61px;height:auto\"\/><\/figure>\n<\/div>\n\n\n<h3 class=\"wp-block-heading has-text-align-center has-mdm-large-font-size\" style=\"margin-top:1.5rem;line-height:1.2\"><a href=\"https:\/\/qfc-it.be\/services\/maintenance-parc-informatique-reseaux\/\">Maintenance et Gestion de Parc Informatique<\/a><\/h3>\n\n\n\n<p class=\"has-text-align-center\">Assurez la performance de vos \u00e9quipements informatiques avec notre service de maintenance et de gestion de parc. Une solution compl\u00e8te pour les entreprises de toutes tailles dans le Namurois.<\/p>\n<\/div><\/div>\n\n\n\n<div class=\"wp-block-group has-border-color\" style=\"border-color:#d1d1d1;border-width:1px;padding-top:var(--wp--preset--spacing--30);padding-right:var(--wp--preset--spacing--20);padding-bottom:var(--wp--preset--spacing--30);padding-left:var(--wp--preset--spacing--20)\"><div class=\"wp-block-group__inner-container is-layout-constrained wp-container-core-group-is-layout-7d4d305e wp-block-group-is-layout-constrained\"><div class=\"wp-block-image wp-duotone-rgb059164-rgb059164-2\">\n<figure class=\"aligncenter size-full is-resized\"><img decoding=\"async\" src=\"https:\/\/www.nbinformatique.be\/wp-content\/themes\/digitalgrove-light\/assets\/images\/icon-2.png\" alt=\"\" class=\"wp-image-58\" style=\"width:61px;height:auto\"\/><\/figure>\n<\/div>\n\n\n<h3 class=\"wp-block-heading has-text-align-center has-mdm-large-font-size\" style=\"margin-top:1.5rem;line-height:1.2\"><a href=\"https:\/\/qfc-it.be\/services\/recuperation-donnees-hdd-sdd-sd-disque-dur-cle-usb-sauvegarde-anderlues\/\">R\u00e9cup\u00e9ration de Donn\u00e9es et Sauvegardes<\/a><\/h3>\n\n\n\n<p class=\"has-text-align-center\">Perte de donn\u00e9es importantes ? NB Informatique offre un service de r\u00e9cup\u00e9ration de premi\u00e8re ligne pour vos fichiers. Pour les cas plus complexes, nous collaborons avec un laboratoire sp\u00e9cialis\u00e9 pour maximiser les chances de r\u00e9cup\u00e9ration.<\/p>\n<\/div><\/div>\n\n\n\n<div class=\"wp-block-group has-border-color\" style=\"border-color:#d1d1d1;border-width:1px;padding-top:var(--wp--preset--spacing--30);padding-right:var(--wp--preset--spacing--20);padding-bottom:var(--wp--preset--spacing--30);padding-left:var(--wp--preset--spacing--20)\"><div class=\"wp-block-group__inner-container is-layout-constrained wp-container-core-group-is-layout-7d4d305e wp-block-group-is-layout-constrained\"><div class=\"wp-block-image wp-duotone-rgb059164-rgb059164-3\">\n<figure class=\"aligncenter size-full is-resized\"><img decoding=\"async\" src=\"https:\/\/www.nbinformatique.be\/wp-content\/themes\/digitalgrove-light\/assets\/images\/icon-3.png\" alt=\"\" class=\"wp-image-59\" style=\"width:61px;height:auto\"\/><\/figure>\n<\/div>\n\n\n<h3 class=\"wp-block-heading has-text-align-center has-mdm-large-font-size\" style=\"margin-top:1.5rem;line-height:1.2\"><a href=\"https:\/\/qfc-it.be\/services\/securite-informatique-et-protection-des-donnees-pour-particuliers-et-independants\/\">S\u00e9curit\u00e9 Informatique et Protection des Donn\u00e9es<\/a><\/h3>\n\n\n\n<p class=\"has-text-align-center\">Prot\u00e9gez vos donn\u00e9es et s\u00e9curisez vos syst\u00e8mes avec les solutions de s\u00e9curit\u00e9 de NB Informatique. Nous proposons des services de protection adapt\u00e9s aux particuliers et aux entreprises.<\/p>\n<\/div><\/div>\n\n\n\n<div class=\"wp-block-group has-border-color\" style=\"border-color:#d1d1d1;border-width:1px;padding-top:var(--wp--preset--spacing--30);padding-right:var(--wp--preset--spacing--20);padding-bottom:var(--wp--preset--spacing--30);padding-left:var(--wp--preset--spacing--20)\"><div class=\"wp-block-group__inner-container is-layout-constrained wp-container-core-group-is-layout-7d4d305e wp-block-group-is-layout-constrained\"><div class=\"wp-block-image wp-duotone-rgb059164-rgb059164-4\">\n<figure class=\"aligncenter size-full is-resized\"><img decoding=\"async\" src=\"https:\/\/www.nbinformatique.be\/wp-content\/themes\/digitalgrove-light\/assets\/images\/icon-4.png\" alt=\"\" class=\"wp-image-765\" style=\"width:61px;height:auto\"\/><\/figure>\n<\/div>\n\n\n<h3 class=\"wp-block-heading has-text-align-center has-mdm-large-font-size\" style=\"margin-top:1.5rem;line-height:1.2\"><a href=\"https:\/\/qfc-it.be\/services\/recuperation-donnees-hdd-sdd-sd-disque-dur-cle-usb-sauvegarde-anderlues\/\">R\u00e9cup\u00e9ration de Donn\u00e9es et Sauvegardes<\/a><\/h3>\n\n\n\n<p class=\"has-text-align-center\">Perte de donn\u00e9es importantes ? NB Informatique offre un service de r\u00e9cup\u00e9ration de premi\u00e8re ligne pour vos fichiers. Pour les cas plus complexes, nous collaborons avec un laboratoire sp\u00e9cialis\u00e9 pour maximiser les chances de r\u00e9cup\u00e9ration.<\/p>\n<\/div><\/div>\n\n\n\n<div class=\"wp-block-group has-border-color\" style=\"border-color:#d1d1d1;border-width:1px;padding-top:var(--wp--preset--spacing--30);padding-right:var(--wp--preset--spacing--20);padding-bottom:var(--wp--preset--spacing--30);padding-left:var(--wp--preset--spacing--20)\"><div class=\"wp-block-group__inner-container is-layout-constrained wp-container-core-group-is-layout-7d4d305e wp-block-group-is-layout-constrained\"><div class=\"wp-block-image wp-duotone-rgb059164-rgb059164-5\">\n<figure class=\"aligncenter size-full is-resized\"><img decoding=\"async\" src=\"https:\/\/www.nbinformatique.be\/wp-content\/themes\/digitalgrove-light\/assets\/images\/icon-1.png\" alt=\"\" class=\"wp-image-769\" style=\"width:61px;height:auto\"\/><\/figure>\n<\/div>\n\n\n<h3 class=\"wp-block-heading has-text-align-center has-mdm-large-font-size\" style=\"margin-top:1.5rem;line-height:1.2\"><a href=\"https:\/\/qfc-it.be\/services\/vente-de-materiel-informatique-anderlues\/\">Vente et Installation de Mat\u00e9riel Informatique<\/a><\/h3>\n\n\n\n<p class=\"has-text-align-center\">Besoin de nouveaux \u00e9quipements ? NB Informatique vous conseille et vous fournit du mat\u00e9riel informatique adapt\u00e9 \u00e0 vos besoins, que vous soyez un particulier ou une entreprise. Installation et configuration incluses.<\/p>\n<\/div><\/div>\n\n\n\n<div class=\"wp-block-group has-border-color\" style=\"border-color:#d1d1d1;border-width:1px;padding-top:var(--wp--preset--spacing--30);padding-right:var(--wp--preset--spacing--20);padding-bottom:var(--wp--preset--spacing--30);padding-left:var(--wp--preset--spacing--20)\"><div class=\"wp-block-group__inner-container is-layout-constrained wp-container-core-group-is-layout-7d4d305e wp-block-group-is-layout-constrained\"><div class=\"wp-block-image wp-duotone-rgb059164-rgb059164-6\">\n<figure class=\"aligncenter size-full is-resized\"><img decoding=\"async\" src=\"https:\/\/www.nbinformatique.be\/wp-content\/themes\/digitalgrove-light\/assets\/images\/icon-2.png\" alt=\"\" class=\"wp-image-767\" style=\"width:61px;height:auto\"\/><\/figure>\n<\/div>\n\n\n<h3 class=\"wp-block-heading has-text-align-center has-mdm-large-font-size\" style=\"margin-top:1.5rem;line-height:1.2\"><a href=\"https:\/\/qfc-it.be\/services\/formation-informatique\/\">Conseil et Formation en Informatique<\/a><\/h3>\n\n\n\n<p class=\"has-text-align-center\">NB Informatique propose des services de conseil et de formation pour am\u00e9liorer vos comp\u00e9tences en informatique. Que vous soyez un particulier souhaitant mieux ma\u00eetriser vos outils ou une entreprise cherchant \u00e0 former son personnel, nous avons la solution adapt\u00e9e.<\/p>\n<\/div><\/div>\n<\/div>\n<\/div><\/div>\n<\/div><\/div>\n\n\n\n<div class=\"wp-block-group r-pad has-background\" style=\"background-color:#f7f7f7;margin-top:0;margin-bottom:0;padding-top:var(--wp--preset--spacing--50);padding-right:var(--wp--preset--spacing--20);padding-bottom:var(--wp--preset--spacing--50);padding-left:var(--wp--preset--spacing--20)\"><div class=\"wp-block-group__inner-container is-layout-constrained wp-container-core-group-is-layout-9c99bd87 wp-block-group-is-layout-constrained\">\n<p class=\"has-text-align-center has-sml-medium-font-size\" style=\"font-style:normal;font-weight:700;letter-spacing:1px;line-height:1.5;text-transform:uppercase\">Meet Our Team<\/p>\n\n\n\n<h2 class=\"wp-block-heading has-text-align-center has-primary-color has-text-color has-link-color wp-elements-f2172c7c9aa1c9a63c8848d6fed5a002\" style=\"margin-top:5px;margin-bottom:0;padding-bottom:60px;line-height:1.2\">Experts Driving Your Success<\/h2>\n\n\n\n<div class=\"wp-block-group\" style=\"margin-top:0;margin-bottom:0\"><div class=\"wp-block-group__inner-container is-layout-constrained wp-block-group-is-layout-constrained\">\n<div class=\"wp-block-columns is-layout-flex wp-container-core-columns-is-layout-9d6595d7 wp-block-columns-is-layout-flex\">\n<div class=\"wp-block-column is-layout-flow wp-block-column-is-layout-flow\"><div class=\"wp-block-image\">\n<figure data-wp-context=\"{&quot;imageId&quot;:&quot;69f08fb0561f8&quot;}\" data-wp-interactive=\"core\/image\" data-wp-key=\"69f08fb0561f8\" class=\"aligncenter size-large is-resized has-custom-border wp-lightbox-container\"><img decoding=\"async\" data-wp-class--hide=\"state.isContentHidden\" data-wp-class--show=\"state.isContentVisible\" data-wp-init=\"callbacks.setButtonStyles\" data-wp-on--click=\"actions.showLightbox\" data-wp-on--load=\"callbacks.setButtonStyles\" data-wp-on-window--resize=\"callbacks.setButtonStyles\" src=\"https:\/\/www.nbinformatique.be\/wp-content\/themes\/digitalgrove-light\/assets\/images\/team-1.jpg\" alt=\"waiting-beauty-background-lonely-lady\" class=\"wp-image-798\" style=\"border-radius:50%;aspect-ratio:1;object-fit:cover;width:283px;height:auto\"\/><button\n\t\t\tclass=\"lightbox-trigger\"\n\t\t\ttype=\"button\"\n\t\t\taria-haspopup=\"dialog\"\n\t\t\taria-label=\"Enlarge\"\n\t\t\tdata-wp-init=\"callbacks.initTriggerButton\"\n\t\t\tdata-wp-on--click=\"actions.showLightbox\"\n\t\t\tdata-wp-style--right=\"state.imageButtonRight\"\n\t\t\tdata-wp-style--top=\"state.imageButtonTop\"\n\t\t>\n\t\t\t<svg xmlns=\"http:\/\/www.w3.org\/2000\/svg\" width=\"12\" height=\"12\" fill=\"none\" viewBox=\"0 0 12 12\">\n\t\t\t\t<path fill=\"#fff\" d=\"M2 0a2 2 0 0 0-2 2v2h1.5V2a.5.5 0 0 1 .5-.5h2V0H2Zm2 10.5H2a.5.5 0 0 1-.5-.5V8H0v2a2 2 0 0 0 2 2h2v-1.5ZM8 12v-1.5h2a.5.5 0 0 0 .5-.5V8H12v2a2 2 0 0 1-2 2H8Zm2-12a2 2 0 0 1 2 2v2h-1.5V2a.5.5 0 0 0-.5-.5H8V0h2Z\" \/>\n\t\t\t<\/svg>\n\t\t<\/button><\/figure>\n<\/div>\n\n\n<p class=\"has-text-align-center has-mdm-large-font-size\" style=\"font-style:normal;font-weight:600\">Sarah Doe<\/p>\n\n\n\n<p class=\"has-text-align-center has-small-font-size\" style=\"margin-top:0;margin-bottom:0\">Manager<\/p>\n<\/div>\n\n\n\n<div class=\"wp-block-column is-layout-flow wp-block-column-is-layout-flow\"><div class=\"wp-block-image\">\n<figure data-wp-context=\"{&quot;imageId&quot;:&quot;69f08fb0566f3&quot;}\" data-wp-interactive=\"core\/image\" data-wp-key=\"69f08fb0566f3\" class=\"aligncenter size-large is-resized has-custom-border wp-lightbox-container\"><img decoding=\"async\" data-wp-class--hide=\"state.isContentHidden\" data-wp-class--show=\"state.isContentVisible\" data-wp-init=\"callbacks.setButtonStyles\" data-wp-on--click=\"actions.showLightbox\" data-wp-on--load=\"callbacks.setButtonStyles\" data-wp-on-window--resize=\"callbacks.setButtonStyles\" src=\"https:\/\/www.nbinformatique.be\/wp-content\/themes\/digitalgrove-light\/assets\/images\/team.jpg\" alt=\"portrait-beautiful-dreaming-employee\" class=\"wp-image-802\" style=\"border-radius:50%;aspect-ratio:1;object-fit:cover;width:283px;height:auto\"\/><button\n\t\t\tclass=\"lightbox-trigger\"\n\t\t\ttype=\"button\"\n\t\t\taria-haspopup=\"dialog\"\n\t\t\taria-label=\"Enlarge\"\n\t\t\tdata-wp-init=\"callbacks.initTriggerButton\"\n\t\t\tdata-wp-on--click=\"actions.showLightbox\"\n\t\t\tdata-wp-style--right=\"state.imageButtonRight\"\n\t\t\tdata-wp-style--top=\"state.imageButtonTop\"\n\t\t>\n\t\t\t<svg xmlns=\"http:\/\/www.w3.org\/2000\/svg\" width=\"12\" height=\"12\" fill=\"none\" viewBox=\"0 0 12 12\">\n\t\t\t\t<path fill=\"#fff\" d=\"M2 0a2 2 0 0 0-2 2v2h1.5V2a.5.5 0 0 1 .5-.5h2V0H2Zm2 10.5H2a.5.5 0 0 1-.5-.5V8H0v2a2 2 0 0 0 2 2h2v-1.5ZM8 12v-1.5h2a.5.5 0 0 0 .5-.5V8H12v2a2 2 0 0 1-2 2H8Zm2-12a2 2 0 0 1 2 2v2h-1.5V2a.5.5 0 0 0-.5-.5H8V0h2Z\" \/>\n\t\t\t<\/svg>\n\t\t<\/button><\/figure>\n<\/div>\n\n\n<p class=\"has-text-align-center has-mdm-large-font-size\" style=\"font-style:normal;font-weight:600\">Andrew Harrison<\/p>\n\n\n\n<p class=\"has-text-align-center has-small-font-size\" style=\"margin-top:0;margin-bottom:0\">Manager<\/p>\n<\/div>\n\n\n\n<div class=\"wp-block-column is-layout-flow wp-block-column-is-layout-flow\"><div class=\"wp-block-image\">\n<figure data-wp-context=\"{&quot;imageId&quot;:&quot;69f08fb056b87&quot;}\" data-wp-interactive=\"core\/image\" data-wp-key=\"69f08fb056b87\" class=\"aligncenter size-large is-resized has-custom-border wp-lightbox-container\"><img decoding=\"async\" data-wp-class--hide=\"state.isContentHidden\" data-wp-class--show=\"state.isContentVisible\" data-wp-init=\"callbacks.setButtonStyles\" data-wp-on--click=\"actions.showLightbox\" data-wp-on--load=\"callbacks.setButtonStyles\" data-wp-on-window--resize=\"callbacks.setButtonStyles\" src=\"https:\/\/www.nbinformatique.be\/wp-content\/themes\/digitalgrove-light\/assets\/images\/about.jpg\" alt=\"happy-young-businessman-with-laptop-looking-camera\" class=\"wp-image-832\" style=\"border-radius:50%;aspect-ratio:1;object-fit:cover;width:283px;height:auto\"\/><button\n\t\t\tclass=\"lightbox-trigger\"\n\t\t\ttype=\"button\"\n\t\t\taria-haspopup=\"dialog\"\n\t\t\taria-label=\"Enlarge\"\n\t\t\tdata-wp-init=\"callbacks.initTriggerButton\"\n\t\t\tdata-wp-on--click=\"actions.showLightbox\"\n\t\t\tdata-wp-style--right=\"state.imageButtonRight\"\n\t\t\tdata-wp-style--top=\"state.imageButtonTop\"\n\t\t>\n\t\t\t<svg xmlns=\"http:\/\/www.w3.org\/2000\/svg\" width=\"12\" height=\"12\" fill=\"none\" viewBox=\"0 0 12 12\">\n\t\t\t\t<path fill=\"#fff\" d=\"M2 0a2 2 0 0 0-2 2v2h1.5V2a.5.5 0 0 1 .5-.5h2V0H2Zm2 10.5H2a.5.5 0 0 1-.5-.5V8H0v2a2 2 0 0 0 2 2h2v-1.5ZM8 12v-1.5h2a.5.5 0 0 0 .5-.5V8H12v2a2 2 0 0 1-2 2H8Zm2-12a2 2 0 0 1 2 2v2h-1.5V2a.5.5 0 0 0-.5-.5H8V0h2Z\" \/>\n\t\t\t<\/svg>\n\t\t<\/button><\/figure>\n<\/div>\n\n\n<p class=\"has-text-align-center has-mdm-large-font-size\" style=\"font-style:normal;font-weight:600\">Michael Harris<\/p>\n\n\n\n<p class=\"has-text-align-center has-small-font-size\" style=\"margin-top:0;margin-bottom:0\">Manager<\/p>\n<\/div>\n<\/div>\n<\/div><\/div>\n<\/div><\/div>\n<\/div><\/main>\n","protected":false},"excerpt":{"rendered":"<p>D\u00e9pannage Informatique \u00e0 Domicile et en Atelier \u00e0 Andenne et Environs NB Informatique propose des services de d\u00e9pannage informatique, r\u00e9paration de PC et smartphones, ainsi que la cr\u00e9ation de sites web. Nous intervenons \u00e0 domicile ou en atelier pour r\u00e9pondre aux besoins de nos clients dans tout le Namurois. Des Solutions Informatiques Fiables et Adapt\u00e9es &hellip; <\/p>\n<p class=\"link-more\"><a href=\"https:\/\/www.nbinformatique.be\/?page_id=264\" class=\"more-link\">Continuer la lecture<span class=\"screen-reader-text\"> de &laquo;&nbsp;Accueil&nbsp;&raquo;<\/span><\/a><\/p>\n","protected":false},"author":1,"featured_media":0,"parent":0,"menu_order":0,"comment_status":"closed","ping_status":"closed","template":"","meta":{"footnotes":""},"class_list":["post-264","page","type-page","status-publish","hentry"],"_links":{"self":[{"href":"https:\/\/www.nbinformatique.be\/index.php?rest_route=\/wp\/v2\/pages\/264","targetHints":{"allow":["GET"]}}],"collection":[{"href":"https:\/\/www.nbinformatique.be\/index.php?rest_route=\/wp\/v2\/pages"}],"about":[{"href":"https:\/\/www.nbinformatique.be\/index.php?rest_route=\/wp\/v2\/types\/page"}],"author":[{"embeddable":true,"href":"https:\/\/www.nbinformatique.be\/index.php?rest_route=\/wp\/v2\/users\/1"}],"replies":[{"embeddable":true,"href":"https:\/\/www.nbinformatique.be\/index.php?rest_route=%2Fwp%2Fv2%2Fcomments&post=264"}],"version-history":[{"count":5,"href":"https:\/\/www.nbinformatique.be\/index.php?rest_route=\/wp\/v2\/pages\/264\/revisions"}],"predecessor-version":[{"id":321,"href":"https:\/\/www.nbinformatique.be\/index.php?rest_route=\/wp\/v2\/pages\/264\/revisions\/321"}],"wp:attachment":[{"href":"https:\/\/www.nbinformatique.be\/index.php?rest_route=%2Fwp%2Fv2%2Fmedia&parent=264"}],"curies":[{"name":"wp","href":"https:\/\/api.w.org\/{rel}","templated":true}]}}