{"id":255,"date":"2026-03-23T11:33:55","date_gmt":"2026-03-23T11:33:55","guid":{"rendered":"https:\/\/www.nbinformatique.be\/?page_id=255"},"modified":"2026-03-23T14:23:03","modified_gmt":"2026-03-23T14:23:03","slug":"services","status":"publish","type":"page","link":"https:\/\/www.nbinformatique.be\/?page_id=255","title":{"rendered":"Services"},"content":{"rendered":"\n<div class=\"wp-block-group\" style=\"margin-top:0;margin-bottom:0;padding-top:var(--wp--preset--spacing--50);padding-right:var(--wp--preset--spacing--20);padding-bottom:var(--wp--preset--spacing--50);padding-left:var(--wp--preset--spacing--20)\"><div class=\"wp-block-group__inner-container is-layout-constrained wp-container-core-group-is-layout-72a07807 wp-block-group-is-layout-constrained\">\n<p class=\"has-text-align-center has-primary-color has-text-color has-link-color wp-elements-eb5a58e7e1422cca635e220868972673\" style=\"line-height:1.5\">Ce Que Nous Offrons<\/p>\n\n\n\n<p>Nous mettons \u00e0 disposition des particuliers, des ind\u00e9pendants et des entreprises un ensemble de services informatiques adapt\u00e9s \u00e0 leurs besoins, assurant fiabilit\u00e9, rapidit\u00e9, et satisfaction client.<\/p>\n\n\n\n<h2 class=\"wp-block-heading\">Description de Nos Services<\/h2>\n\n\n\n<p><a href=\"https:\/\/qfc-it.be\/services\/depannage-informatique-a-domicile-et-en-entreprise\/\"><\/a><\/p>\n\n\n\n<h3 class=\"wp-block-heading\"><a href=\"https:\/\/qfc-it.be\/services\/depannage-informatique-a-domicile-et-en-entreprise\/\">D\u00e9pannage Informatique \u00e0 Domicile et en Entreprise<\/a><\/h3>\n\n\n\n<p>Interventions rapides sur site ou \u00e0 distance pour diagnostiquer et r\u00e9soudre vos probl\u00e8mes informatiques.<\/p>\n\n\n\n<p><a href=\"https:\/\/qfc-it.be\/services\/depannage-informatique-a-domicile-et-en-entreprise\/\">En Savoir Plus<\/a><\/p>\n\n\n\n<p><a href=\"https:\/\/qfc-it.be\/services\/reparation-smartphones-tablettes-anderlues\/\"><\/a><\/p>\n\n\n\n<h3 class=\"wp-block-heading\"><a href=\"https:\/\/qfc-it.be\/services\/reparation-smartphones-tablettes-anderlues\/\">R\u00e9paration de Smartphones et Tablettes<\/a><\/h3>\n\n\n\n<p>R\u00e9paration rapide et efficace des smartphones et tablettes, y compris le remplacement d\u2019\u00e9crans, les r\u00e9parations de connecteurs et bien plus.<\/p>\n\n\n\n<p><a href=\"https:\/\/qfc-it.be\/services\/reparation-smartphones-tablettes-anderlues\/\">Retrouvez un Appareil comme Neuf<\/a><\/p>\n\n\n\n<p><a href=\"https:\/\/qfc-it.be\/services\/creation-de-sites-web-professionnels-anderlues\/\"><\/a><\/p>\n\n\n\n<p><a href=\"https:\/\/qfc-it.be\/services\/maintenance-parc-informatique-reseaux\/\"><\/a><\/p>\n\n\n\n<h3 class=\"wp-block-heading\"><a href=\"https:\/\/qfc-it.be\/services\/maintenance-parc-informatique-reseaux\/\">Maintenance de Parc Informatique<\/a><\/h3>\n\n\n\n<p>Gestion proactive de votre parc informatique pour assurer la s\u00e9curit\u00e9 et le bon fonctionnement de vos \u00e9quipements.<\/p>\n\n\n\n<p><a href=\"https:\/\/qfc-it.be\/services\/maintenance-parc-informatique-reseaux\/\">Optimisez Votre Parc Informatique<\/a><\/p>\n\n\n\n<p><a href=\"https:\/\/qfc-it.be\/services\/securite-informatique-et-protection-des-donnees-pour-particuliers-et-independants\/\"><\/a><\/p>\n\n\n\n<h3 class=\"wp-block-heading\"><a href=\"https:\/\/qfc-it.be\/services\/securite-informatique-et-protection-des-donnees-pour-particuliers-et-independants\/\">S\u00e9curit\u00e9 Informatique et Protection des Donn\u00e9es<\/a><\/h3>\n\n\n\n<p>Solutions de s\u00e9curit\u00e9 avanc\u00e9es pour prot\u00e9ger vos donn\u00e9es et pr\u00e9venir les cyberattaques.<\/p>\n\n\n\n<p><a href=\"https:\/\/qfc-it.be\/services\/securite-informatique-et-protection-des-donnees-pour-particuliers-et-independants\/\">Prot\u00e9gez Vos Donn\u00e9es<\/a><\/p>\n\n\n\n<p><a href=\"https:\/\/qfc-it.be\/services\/solution-de-facturation-pour-independants-et-pme\/\"><\/a><\/p>\n\n\n\n<h3 class=\"wp-block-heading\"><a href=\"https:\/\/qfc-it.be\/services\/solution-de-facturation-pour-independants-et-pme\/\">Solution de Facturation pour Ind\u00e9pendants<\/a><\/h3>\n\n\n\n<p>Outils de facturation personnalis\u00e9s et simples \u00e0 utiliser, avec int\u00e9gration de votre logo et autres options. Revendeur et int\u00e9grateur.<\/p>\n\n\n\n<p><a href=\"https:\/\/qfc-it.be\/services\/solution-de-facturation-pour-independants-et-pme\/\">D\u00e9couvrez Notre Solution de Facturation<\/a><\/p>\n\n\n\n<p><a href=\"https:\/\/qfc-it.be\/services\/recuperation-donnees-hdd-sdd-sd-disque-dur-cle-usb-sauvegarde-anderlues\/\"><\/a><\/p>\n\n\n\n<h3 class=\"wp-block-heading\"><a href=\"https:\/\/qfc-it.be\/services\/recuperation-donnees-hdd-sdd-sd-disque-dur-cle-usb-sauvegarde-anderlues\/\">R\u00e9cup\u00e9ration de Donn\u00e9es et Sauvegardes Pro<\/a><\/h3>\n\n\n\n<p>R\u00e9cup\u00e9ration de fichiers et donn\u00e9es depuis diff\u00e9rents supports de stockage (disques durs, SSD, cl\u00e9s USB, etc.). Diagnostic initial en interne et collaboration avec un laboratoire sp\u00e9cialis\u00e9 en cas de besoin.<\/p>\n\n\n\n<p><a href=\"https:\/\/qfc-it.be\/services\/recuperation-donnees-hdd-sdd-sd-disque-dur-cle-usb-sauvegarde-anderlues\/\">En Savoir Plus Sur la R\u00e9cup\u00e9ration de Donn\u00e9es<\/a><\/p>\n\n\n\n<p><a href=\"https:\/\/qfc-it.be\/services\/vente-de-materiel-informatique-anderlues\/\"><\/a><\/p>\n\n\n\n<h3 class=\"wp-block-heading\"><a href=\"https:\/\/qfc-it.be\/services\/vente-de-materiel-informatique-anderlues\/\">Vente de Mat\u00e9riel Informatique<\/a><\/h3>\n\n\n\n<p>Vente de mat\u00e9riel informatique de qualit\u00e9, incluant ordinateurs, p\u00e9riph\u00e9riques, accessoires, et \u00e9quipements r\u00e9seau adapt\u00e9s \u00e0 vos besoins.<\/p>\n\n\n\n<p><a href=\"https:\/\/qfc-it.be\/services\/vente-de-materiel-informatique-anderlues\/\">D\u00e9couvrez Nos Produits Informatiques<\/a><\/p>\n\n\n\n<p><a href=\"https:\/\/qfc-it.be\/services\/formation-informatique\/\"><\/a><\/p>\n\n\n\n<h3 class=\"wp-block-heading\"><a href=\"https:\/\/qfc-it.be\/services\/formation-informatique\/\">Formation en Informatique<\/a><\/h3>\n\n\n\n<p>Sessions de formation personnalis\u00e9es pour les particuliers et entreprises sur divers sujets informatiques, y compris les logiciels de bureautique, la s\u00e9curit\u00e9 informatique, et l\u2019optimisation des outils digitaux.<\/p>\n\n\n\n<p><a href=\"https:\/\/qfc-it.be\/services\/formation-informatique\/\">D\u00e9couvrez Vite Nos Formations<\/a><\/p>\n\n\n\n<h2 class=\"wp-block-heading\">Pourquoi Choisir NB Informatique ?<\/h2>\n\n\n\n<p class=\"has-text-align-center has-primary-color has-text-color has-link-color wp-elements-b6624fd89e823fe9ed5871a1cdb7517a\" style=\"line-height:1.5\">Flexibilit\u00e9 et disponibilit\u00e9 pour les particuliers et les ind\u00e9pendants<\/p>\n\n\n\n<p>Expertise<\/p>\n\n\n\n<p>Rapidit\u00e9 d&rsquo;intervention<\/p>\n\n\n\n<p>Mat\u00e9riel de qualit\u00e9<\/p>\n\n\n\n<h2 class=\"wp-block-heading has-text-align-center\" style=\"margin-top:10px;margin-bottom:80px;line-height:1.2\">Growth Based Services<\/h2>\n\n\n\n<div class=\"wp-block-group services-section\" style=\"margin-top:0;margin-bottom:0\"><div class=\"wp-block-group__inner-container is-layout-constrained wp-block-group-is-layout-constrained\">\n<div class=\"wp-block-columns is-layout-flex wp-container-core-columns-is-layout-9d6595d7 wp-block-columns-is-layout-flex\">\n<div class=\"wp-block-column has-border-color is-layout-flow wp-block-column-is-layout-flow\" style=\"border-color:#d1d1d1;border-width:1px;padding-top:var(--wp--preset--spacing--30);padding-right:var(--wp--preset--spacing--20);padding-bottom:var(--wp--preset--spacing--30);padding-left:var(--wp--preset--spacing--20)\"><div class=\"wp-block-image wp-duotone-rgb059164-rgb059164-1\">\n<figure class=\"aligncenter size-full is-resized\"><img decoding=\"async\" src=\"https:\/\/www.nbinformatique.be\/wp-content\/themes\/digitalgrove\/assets\/images\/icon-1.png\" alt=\"\" class=\"wp-image-57\" style=\"width:61px;height:auto\"\/><\/figure>\n<\/div>\n\n\n<h3 class=\"wp-block-heading has-text-align-center has-mdm-large-font-size\" style=\"margin-top:1.5rem;line-height:1.2\">Branding and UI\/UX<\/h3>\n\n\n\n<p class=\"has-text-align-center\">Cubilia eget integer cursus aliquet lacinia. Pede pharetra phasellus elit<\/p>\n\n\n\n<p class=\"has-text-align-center has-primary-color has-text-color has-link-color wp-elements-8e91cefaf0d0509410caa6e884d51525\"><a href=\"#\">View Details<\/a><\/p>\n<\/div>\n\n\n\n<div class=\"wp-block-column has-border-color is-layout-flow wp-block-column-is-layout-flow\" style=\"border-color:#d1d1d1;border-width:1px;padding-top:var(--wp--preset--spacing--30);padding-right:var(--wp--preset--spacing--20);padding-bottom:var(--wp--preset--spacing--30);padding-left:var(--wp--preset--spacing--20)\"><div class=\"wp-block-image wp-duotone-rgb059164-rgb059164-2\">\n<figure class=\"aligncenter size-full is-resized\"><img decoding=\"async\" src=\"https:\/\/www.nbinformatique.be\/wp-content\/themes\/digitalgrove\/assets\/images\/icon-2.png\" alt=\"\" class=\"wp-image-58\" style=\"width:61px;height:auto\"\/><\/figure>\n<\/div>\n\n\n<h3 class=\"wp-block-heading has-text-align-center has-mdm-large-font-size\" style=\"margin-top:1.5rem;line-height:1.2\">Web Development<\/h3>\n\n\n\n<p class=\"has-text-align-center\">Cubilia eget integer cursus aliquet lacinia. Pede pharetra phasellus elit <\/p>\n\n\n\n<p class=\"has-text-align-center has-primary-color has-text-color has-link-color wp-elements-8e91cefaf0d0509410caa6e884d51525\"><a href=\"#\">View Details<\/a><\/p>\n<\/div>\n\n\n\n<div class=\"wp-block-column has-border-color is-layout-flow wp-block-column-is-layout-flow\" style=\"border-color:#d1d1d1;border-width:1px;padding-top:var(--wp--preset--spacing--30);padding-right:var(--wp--preset--spacing--20);padding-bottom:var(--wp--preset--spacing--30);padding-left:var(--wp--preset--spacing--20)\"><div class=\"wp-block-image wp-duotone-rgb059164-rgb059164-3\">\n<figure class=\"aligncenter size-full is-resized\"><img decoding=\"async\" src=\"https:\/\/www.nbinformatique.be\/wp-content\/themes\/digitalgrove\/assets\/images\/icon-3.png\" alt=\"\" class=\"wp-image-59\" style=\"width:61px;height:auto\"\/><\/figure>\n<\/div>\n\n\n<h3 class=\"wp-block-heading has-text-align-center has-mdm-large-font-size\" style=\"margin-top:1.5rem;line-height:1.2\">Mobile Development<\/h3>\n\n\n\n<p class=\"has-text-align-center\">Cubilia eget integer cursus aliquet lacinia. Pede pharetra phasellus elit<\/p>\n\n\n\n<p class=\"has-text-align-center has-primary-color has-text-color has-link-color wp-elements-8e91cefaf0d0509410caa6e884d51525\"><a href=\"#\">View Details<\/a><\/p>\n<\/div>\n\n\n\n<div class=\"wp-block-column has-border-color is-layout-flow wp-block-column-is-layout-flow\" style=\"border-color:#d1d1d1;border-width:1px;padding-top:var(--wp--preset--spacing--30);padding-right:var(--wp--preset--spacing--20);padding-bottom:var(--wp--preset--spacing--30);padding-left:var(--wp--preset--spacing--20)\"><div class=\"wp-block-image wp-duotone-rgb059164-rgb059164-4\">\n<figure class=\"aligncenter size-full is-resized\"><img decoding=\"async\" src=\"https:\/\/www.nbinformatique.be\/wp-content\/themes\/digitalgrove\/assets\/images\/icon-4.png\" alt=\"\" class=\"wp-image-60\" style=\"width:61px;height:auto\"\/><\/figure>\n<\/div>\n\n\n<h3 class=\"wp-block-heading has-text-align-center has-mdm-large-font-size\" style=\"margin-top:1.5rem;line-height:1.2\">Digital Marketing<\/h3>\n\n\n\n<p class=\"has-text-align-center\">Cubilia eget integer cursus aliquet lacinia. Pede pharetra phasellus elit<\/p>\n\n\n\n<p class=\"has-text-align-center has-primary-color has-text-color has-link-color wp-elements-8e91cefaf0d0509410caa6e884d51525\"><a href=\"#\">View Details<\/a><\/p>\n<\/div>\n<\/div>\n<\/div><\/div>\n<\/div><\/div>\n\n\n\n<div class=\"wp-block-group has-secondary-background-color has-background\" style=\"margin-top:0;margin-bottom:0;padding-top:var(--wp--preset--spacing--50);padding-right:var(--wp--preset--spacing--20);padding-bottom:var(--wp--preset--spacing--50);padding-left:var(--wp--preset--spacing--20)\"><div class=\"wp-block-group__inner-container is-layout-constrained wp-container-core-group-is-layout-72a07807 wp-block-group-is-layout-constrained\">\n<p class=\"has-text-align-center has-white-color has-text-color has-link-color wp-elements-5c63c7d87bc2c72784d8178ef68816d0\" style=\"line-height:1.5\">Portfolio<\/p>\n\n\n\n<h2 class=\"wp-block-heading has-text-align-center has-white-color has-text-color has-link-color wp-elements-eb3db5651878dbed0d47db21008e99c0\" style=\"margin-top:10px;margin-bottom:80px;line-height:1.2\">Our Previous Works<\/h2>\n\n\n\n<div class=\"wp-block-group is-layout-grid wp-container-core-group-is-layout-698590ba wp-block-group-is-layout-grid\">\n<figure class=\"wp-block-image size-large has-custom-border\"><img loading=\"lazy\" decoding=\"async\" width=\"1024\" height=\"682\" src=\"https:\/\/www.nbinformatique.be\/wp-content\/uploads\/2026\/03\/mmamontov-laptop-5078698_1280-1024x682.jpg\" alt=\"\" class=\"wp-image-337\" style=\"border-radius:2px\" srcset=\"https:\/\/www.nbinformatique.be\/wp-content\/uploads\/2026\/03\/mmamontov-laptop-5078698_1280-1024x682.jpg 1024w, https:\/\/www.nbinformatique.be\/wp-content\/uploads\/2026\/03\/mmamontov-laptop-5078698_1280-300x200.jpg 300w, https:\/\/www.nbinformatique.be\/wp-content\/uploads\/2026\/03\/mmamontov-laptop-5078698_1280-768x512.jpg 768w, https:\/\/www.nbinformatique.be\/wp-content\/uploads\/2026\/03\/mmamontov-laptop-5078698_1280.jpg 1280w\" sizes=\"auto, (max-width: 706px) 89vw, (max-width: 767px) 82vw, 740px\" \/><\/figure>\n\n\n\n<figure class=\"wp-block-image size-large has-custom-border\"><img loading=\"lazy\" decoding=\"async\" width=\"1024\" height=\"683\" src=\"https:\/\/www.nbinformatique.be\/wp-content\/uploads\/2026\/03\/pexels-field-engineer-147254-442150-1024x683.jpg\" alt=\"\" class=\"wp-image-335\" style=\"border-radius:2px\" srcset=\"https:\/\/www.nbinformatique.be\/wp-content\/uploads\/2026\/03\/pexels-field-engineer-147254-442150-1024x683.jpg 1024w, https:\/\/www.nbinformatique.be\/wp-content\/uploads\/2026\/03\/pexels-field-engineer-147254-442150-300x200.jpg 300w, https:\/\/www.nbinformatique.be\/wp-content\/uploads\/2026\/03\/pexels-field-engineer-147254-442150-768x512.jpg 768w, https:\/\/www.nbinformatique.be\/wp-content\/uploads\/2026\/03\/pexels-field-engineer-147254-442150-1536x1024.jpg 1536w, https:\/\/www.nbinformatique.be\/wp-content\/uploads\/2026\/03\/pexels-field-engineer-147254-442150-2048x1365.jpg 2048w\" sizes=\"auto, (max-width: 706px) 89vw, (max-width: 767px) 82vw, 740px\" \/><\/figure>\n\n\n\n<figure class=\"wp-block-image size-large has-custom-border\"><img decoding=\"async\" src=\"https:\/\/www.nbinformatique.be\/wp-content\/themes\/digitalgrove\/assets\/images\/banner.jpg\" alt=\"\" class=\"wp-image-23\" style=\"border-radius:2px\"\/><\/figure>\n<\/div>\n\n\n\n<div class=\"wp-block-group is-layout-grid wp-container-core-group-is-layout-698590ba wp-block-group-is-layout-grid\">\n<figure class=\"wp-block-image size-large has-custom-border\"><img loading=\"lazy\" decoding=\"async\" width=\"1024\" height=\"682\" src=\"https:\/\/www.nbinformatique.be\/wp-content\/uploads\/2026\/03\/mmamontov-computer-5078696_1280-1024x682.jpg\" alt=\"\" class=\"wp-image-338\" style=\"border-radius:2px\" srcset=\"https:\/\/www.nbinformatique.be\/wp-content\/uploads\/2026\/03\/mmamontov-computer-5078696_1280-1024x682.jpg 1024w, https:\/\/www.nbinformatique.be\/wp-content\/uploads\/2026\/03\/mmamontov-computer-5078696_1280-300x200.jpg 300w, https:\/\/www.nbinformatique.be\/wp-content\/uploads\/2026\/03\/mmamontov-computer-5078696_1280-768x512.jpg 768w, https:\/\/www.nbinformatique.be\/wp-content\/uploads\/2026\/03\/mmamontov-computer-5078696_1280.jpg 1280w\" sizes=\"auto, (max-width: 706px) 89vw, (max-width: 767px) 82vw, 740px\" \/><\/figure>\n\n\n\n<figure class=\"wp-block-image size-large has-custom-border\"><img loading=\"lazy\" decoding=\"async\" width=\"1024\" height=\"683\" src=\"https:\/\/www.nbinformatique.be\/wp-content\/uploads\/2026\/03\/pexels-jeshoots-4316-1024x683.jpg\" alt=\"\" class=\"wp-image-339\" style=\"border-radius:2px\" srcset=\"https:\/\/www.nbinformatique.be\/wp-content\/uploads\/2026\/03\/pexels-jeshoots-4316-1024x683.jpg 1024w, https:\/\/www.nbinformatique.be\/wp-content\/uploads\/2026\/03\/pexels-jeshoots-4316-300x200.jpg 300w, https:\/\/www.nbinformatique.be\/wp-content\/uploads\/2026\/03\/pexels-jeshoots-4316-768x512.jpg 768w, https:\/\/www.nbinformatique.be\/wp-content\/uploads\/2026\/03\/pexels-jeshoots-4316-1536x1024.jpg 1536w, https:\/\/www.nbinformatique.be\/wp-content\/uploads\/2026\/03\/pexels-jeshoots-4316-2048x1365.jpg 2048w\" sizes=\"auto, (max-width: 706px) 89vw, (max-width: 767px) 82vw, 740px\" \/><\/figure>\n\n\n\n<figure class=\"wp-block-image size-large has-custom-border\"><img decoding=\"async\" src=\"https:\/\/www.nbinformatique.be\/wp-content\/themes\/digitalgrove\/assets\/images\/banner.jpg\" alt=\"\" class=\"wp-image-23\" style=\"border-radius:2px\"\/><\/figure>\n<\/div>\n\n\n\n<div class=\"wp-block-buttons is-content-justification-center is-layout-flex wp-container-core-buttons-is-layout-e9798902 wp-block-buttons-is-layout-flex\" style=\"margin-top:var(--wp--preset--spacing--40)\">\n<div class=\"wp-block-button btn-has-icon\"><a class=\"wp-block-button__link wp-element-button\" style=\"padding-right:var(--wp--preset--spacing--40);padding-left:var(--wp--preset--spacing--40)\">View More<\/a><\/div>\n<\/div>\n<\/div><\/div>\n\n\n\n<div class=\"wp-block-group\" style=\"margin-top:0;margin-bottom:0;padding-top:var(--wp--preset--spacing--50);padding-right:var(--wp--preset--spacing--20);padding-bottom:var(--wp--preset--spacing--50);padding-left:var(--wp--preset--spacing--20)\"><div class=\"wp-block-group__inner-container is-layout-constrained wp-container-core-group-is-layout-72a07807 wp-block-group-is-layout-constrained\">\n<div class=\"wp-block-columns is-layout-flex wp-container-core-columns-is-layout-bd0aba32 wp-block-columns-is-layout-flex\">\n<div class=\"wp-block-column is-vertically-aligned-center is-layout-flow wp-block-column-is-layout-flow\" style=\"flex-basis:40%\">\n<p class=\"has-text-align-left has-primary-color has-text-color has-link-color wp-elements-8af45e3596e48541552fca4175fd2032\" style=\"line-height:1.5\">Our Services<\/p>\n\n\n\n<h2 class=\"wp-block-heading has-text-align-left\" style=\"margin-top:10px;margin-bottom:25px;line-height:1.2\">Growth Based Services<\/h2>\n\n\n\n<p style=\"margin-bottom:var(--wp--preset--spacing--30)\">Lobortis nostra purus pretium tristique porta vivamus dis dapibus. Ridiculus lectus molestie rutrum aliquam primis dictum. Quis ante erat enim duis hendrerit interdum aenean. Magna aliquam curae lacinia sociosqu placerat curabitur nec habitasse pede.<\/p>\n\n\n\n<div class=\"wp-block-buttons is-layout-flex wp-block-buttons-is-layout-flex\">\n<div class=\"wp-block-button\"><a class=\"wp-block-button__link wp-element-button\">Learn More<\/a><\/div>\n<\/div>\n<\/div>\n\n\n\n<div class=\"wp-block-column is-layout-flow wp-block-column-is-layout-flow\">\n<div class=\"wp-block-group services-section\" style=\"margin-top:0;margin-bottom:0\"><div class=\"wp-block-group__inner-container is-layout-constrained wp-block-group-is-layout-constrained\">\n<div class=\"wp-block-columns is-layout-flex wp-container-core-columns-is-layout-274c8f5c wp-block-columns-is-layout-flex\" style=\"margin-bottom:var(--wp--preset--spacing--40)\">\n<div class=\"wp-block-column is-layout-flow wp-block-column-is-layout-flow\" style=\"border-style:none;border-width:0px;padding-top:0;padding-right:0;padding-bottom:0;padding-left:0\">\n<figure class=\"wp-block-image size-full is-resized wp-duotone-rgb059164-rgb059164-5\"><img decoding=\"async\" src=\"https:\/\/www.nbinformatique.be\/wp-content\/themes\/digitalgrove\/assets\/images\/icon-1.png\" alt=\"\" class=\"wp-image-57\" style=\"width:61px;height:auto\"\/><\/figure>\n\n\n\n<h3 class=\"wp-block-heading has-text-align-left has-mdm-large-font-size\" style=\"margin-top:1.5rem;line-height:1.2\">Branding and UI\/UX<\/h3>\n\n\n\n<p class=\"has-text-align-left\">Cubilia eget integer cursus aliquet lacinia. Pede pharetra phasellus elit<\/p>\n<\/div>\n\n\n\n<div class=\"wp-block-column is-layout-flow wp-block-column-is-layout-flow\" style=\"border-style:none;border-width:0px;padding-top:0;padding-right:0;padding-bottom:0;padding-left:0\">\n<figure class=\"wp-block-image size-full is-resized wp-duotone-rgb059164-rgb059164-6\"><img decoding=\"async\" src=\"https:\/\/www.nbinformatique.be\/wp-content\/themes\/digitalgrove\/assets\/images\/icon-2.png\" alt=\"\" class=\"wp-image-58\" style=\"width:61px;height:auto\"\/><\/figure>\n\n\n\n<h3 class=\"wp-block-heading has-text-align-left has-mdm-large-font-size\" style=\"margin-top:1.5rem;line-height:1.2\">Web Development<\/h3>\n\n\n\n<p class=\"has-text-align-left\">Cubilia eget integer cursus aliquet lacinia. Pede pharetra phasellus elit <\/p>\n<\/div>\n<\/div>\n\n\n\n<div class=\"wp-block-columns is-layout-flex wp-container-core-columns-is-layout-9d6595d7 wp-block-columns-is-layout-flex\">\n<div class=\"wp-block-column is-layout-flow wp-block-column-is-layout-flow\" style=\"border-style:none;border-width:0px;padding-top:0;padding-right:0;padding-bottom:0;padding-left:0\">\n<figure class=\"wp-block-image size-full is-resized wp-duotone-rgb059164-rgb059164-7\"><img decoding=\"async\" src=\"https:\/\/www.nbinformatique.be\/wp-content\/themes\/digitalgrove\/assets\/images\/icon-3.png\" alt=\"\" class=\"wp-image-59\" style=\"width:61px;height:auto\"\/><\/figure>\n\n\n\n<h3 class=\"wp-block-heading has-text-align-left has-mdm-large-font-size\" style=\"margin-top:1.5rem;line-height:1.2\">Mobile Development<\/h3>\n\n\n\n<p class=\"has-text-align-left\">Cubilia eget integer cursus aliquet lacinia. Pede pharetra phasellus elit<\/p>\n<\/div>\n\n\n\n<div class=\"wp-block-column is-layout-flow wp-block-column-is-layout-flow\" style=\"border-style:none;border-width:0px;padding-top:0;padding-right:0;padding-bottom:0;padding-left:0\">\n<figure class=\"wp-block-image size-full is-resized wp-duotone-rgb059164-rgb059164-8\"><img decoding=\"async\" src=\"https:\/\/www.nbinformatique.be\/wp-content\/themes\/digitalgrove\/assets\/images\/icon-4.png\" alt=\"\" class=\"wp-image-60\" style=\"width:61px;height:auto\"\/><\/figure>\n\n\n\n<h3 class=\"wp-block-heading has-text-align-left has-mdm-large-font-size\" style=\"margin-top:1.5rem;line-height:1.2\">Digital Marketing<\/h3>\n\n\n\n<p class=\"has-text-align-left\">Cubilia eget integer cursus aliquet lacinia. Pede pharetra phasellus elit <\/p>\n<\/div>\n<\/div>\n<\/div><\/div>\n<\/div>\n<\/div>\n<\/div><\/div>\n","protected":false},"excerpt":{"rendered":"<p>Ce Que Nous Offrons Nous mettons \u00e0 disposition des particuliers, des ind\u00e9pendants et des entreprises un ensemble de services informatiques adapt\u00e9s \u00e0 leurs besoins, assurant fiabilit\u00e9, rapidit\u00e9, et satisfaction client. Description de Nos Services D\u00e9pannage Informatique \u00e0 Domicile et en Entreprise Interventions rapides sur site ou \u00e0 distance pour diagnostiquer et r\u00e9soudre vos probl\u00e8mes informatiques. &hellip; <\/p>\n<p class=\"link-more\"><a href=\"https:\/\/www.nbinformatique.be\/?page_id=255\" class=\"more-link\">Continuer la lecture<span class=\"screen-reader-text\"> de &laquo;&nbsp;Services&nbsp;&raquo;<\/span><\/a><\/p>\n","protected":false},"author":1,"featured_media":0,"parent":0,"menu_order":0,"comment_status":"closed","ping_status":"closed","template":"","meta":{"footnotes":""},"class_list":["post-255","page","type-page","status-publish","hentry"],"_links":{"self":[{"href":"https:\/\/www.nbinformatique.be\/index.php?rest_route=\/wp\/v2\/pages\/255","targetHints":{"allow":["GET"]}}],"collection":[{"href":"https:\/\/www.nbinformatique.be\/index.php?rest_route=\/wp\/v2\/pages"}],"about":[{"href":"https:\/\/www.nbinformatique.be\/index.php?rest_route=\/wp\/v2\/types\/page"}],"author":[{"embeddable":true,"href":"https:\/\/www.nbinformatique.be\/index.php?rest_route=\/wp\/v2\/users\/1"}],"replies":[{"embeddable":true,"href":"https:\/\/www.nbinformatique.be\/index.php?rest_route=%2Fwp%2Fv2%2Fcomments&post=255"}],"version-history":[{"count":3,"href":"https:\/\/www.nbinformatique.be\/index.php?rest_route=\/wp\/v2\/pages\/255\/revisions"}],"predecessor-version":[{"id":340,"href":"https:\/\/www.nbinformatique.be\/index.php?rest_route=\/wp\/v2\/pages\/255\/revisions\/340"}],"wp:attachment":[{"href":"https:\/\/www.nbinformatique.be\/index.php?rest_route=%2Fwp%2Fv2%2Fmedia&parent=255"}],"curies":[{"name":"wp","href":"https:\/\/api.w.org\/{rel}","templated":true}]}}